{"id":4059,"date":"2024-06-21T08:51:34","date_gmt":"2024-06-21T06:51:34","guid":{"rendered":"https:\/\/www.solventa6.com\/politica-de-cookies\/"},"modified":"2025-03-13T09:35:36","modified_gmt":"2025-03-13T08:35:36","slug":"politica-de-cookies","status":"publish","type":"page","link":"https:\/\/www.solventa6.com\/en\/politica-de-cookies\/","title":{"rendered":"Cookie Policy"},"content":{"rendered":"[vc_row type=&#8221;in_container&#8221; full_screen_row_position=&#8221;middle&#8221; column_margin=&#8221;default&#8221; column_direction=&#8221;default&#8221; column_direction_tablet=&#8221;default&#8221; column_direction_phone=&#8221;default&#8221; scene_position=&#8221;center&#8221; text_color=&#8221;dark&#8221; text_align=&#8221;left&#8221; row_border_radius=&#8221;none&#8221; row_border_radius_applies=&#8221;bg&#8221; overflow=&#8221;visible&#8221; overlay_strength=&#8221;0.3&#8243; gradient_direction=&#8221;left_to_right&#8221; shape_divider_position=&#8221;bottom&#8221; bg_image_animation=&#8221;none&#8221;][vc_column column_padding=&#8221;no-extra-padding&#8221; column_padding_tablet=&#8221;inherit&#8221; column_padding_phone=&#8221;inherit&#8221; column_padding_position=&#8221;all&#8221; column_element_direction_desktop=&#8221;default&#8221; column_element_spacing=&#8221;default&#8221; desktop_text_alignment=&#8221;default&#8221; tablet_text_alignment=&#8221;default&#8221; phone_text_alignment=&#8221;default&#8221; background_color_opacity=&#8221;1&#8243; background_hover_color_opacity=&#8221;1&#8243; column_backdrop_filter=&#8221;none&#8221; column_shadow=&#8221;none&#8221; column_border_radius=&#8221;none&#8221; column_link_target=&#8221;_self&#8221; column_position=&#8221;default&#8221; gradient_direction=&#8221;left_to_right&#8221; overlay_strength=&#8221;0.3&#8243; width=&#8221;1\/1&#8243; tablet_width_inherit=&#8221;default&#8221; animation_type=&#8221;default&#8221; bg_image_animation=&#8221;none&#8221; border_type=&#8221;simple&#8221; column_border_width=&#8221;none&#8221; column_border_style=&#8221;solid&#8221;][vc_column_text css=&#8221;&#8221; text_direction=&#8221;default&#8221;]\n<h1>Cookie Policy<\/h1>\n<h4><strong>Informations g\u00e9n\u00e9rales<\/strong><\/h4>\n<p><strong>Qu\u2019est-ce qu\u2019un cookie ?<\/strong><br \/>\nLes cookies et technologies similaires (objets locaux partag\u00e9s, flash cookies, pixels) sont des outils utilis\u00e9s par les serveurs web pour stocker et r\u00e9cup\u00e9rer des informations sur les visiteurs et assurer le bon fonctionnement du site.<\/p>\n<p>Gr\u00e2ce aux cookies, le serveur web peut m\u00e9moriser certaines donn\u00e9es, comme les pr\u00e9f\u00e9rences linguistiques, les identifiants de connexion ou les produits les plus consult\u00e9s.<\/p>\n<p><strong>Cookies soumis \u00e0 la r\u00e9glementation et cookies exempt\u00e9s<\/strong><br \/>\nConform\u00e9ment aux r\u00e9glementations en vigueur, les cookies analytiques, publicitaires et d\u2019affiliation n\u00e9cessitent le consentement de l\u2019utilisateur. En revanche, les cookies techniques et ceux n\u00e9cessaires au fonctionnement du site sont exempt\u00e9s.<\/p>\n<p><strong>Types de cookies selon leur fonctionnalit\u00e9 :<\/strong><\/p>\n<ul>\n<li><strong>Cookies n\u00e9cessaires :<\/strong>\u00a0Essentiels au bon fonctionnement du site.<\/li>\n<li><strong>Cookies analytiques :<\/strong>\u00a0Permettent de mesurer et d\u2019analyser l\u2019utilisation du site.<\/li>\n<li><strong>Cookies publicitaires :<\/strong>\u00a0Adaptent les annonces aux pr\u00e9f\u00e9rences des utilisateurs.<\/li>\n<\/ul>\n<h4><strong>Comment g\u00e9rer les cookies ?<\/strong><\/h4>\n<p>L\u2019utilisateur peut accepter, refuser ou modifier ses pr\u00e9f\u00e9rences via le panneau de configuration accessible en bas \u00e0 droite de l\u2019\u00e9cran (\u00ab Politique de Cookies \u00bb).<\/p>\n<p>Les navigateurs permettent de visualiser, d\u00e9sactiver, restreindre, bloquer ou supprimer les cookies. Voici comment configurer les cookies sur les principaux navigateurs :<\/p>\n<ul>\n<li><strong>Internet Explorer :<\/strong>\u00a0Outils \u2192 Options Internet \u2192 Confidentialit\u00e9 \u2192 Param\u00e8tres.<\/li>\n<li><strong>Firefox :<\/strong>\u00a0Outils \u2192 Options \u2192 Vie priv\u00e9e \u2192 Historique \u2192 Param\u00e8tres personnalis\u00e9s.<\/li>\n<li><strong>Chrome :<\/strong>\u00a0Param\u00e8tres \u2192 Param\u00e8tres avanc\u00e9s \u2192 Confidentialit\u00e9 \u2192 Param\u00e8tres du contenu.<\/li>\n<li><strong>Safari :<\/strong>\u00a0Pr\u00e9f\u00e9rences \u2192 S\u00e9curit\u00e9.<\/li>\n<\/ul>\n<h4><strong>Mises \u00e0 jour de la Politique de Cookies<\/strong><\/h4>\n<p>SOLVENTA 6 SL se r\u00e9serve le droit de modifier la\u00a0<strong>Politique de Cookies<\/strong>\u00a0en fonction des exigences l\u00e9gales et r\u00e9glementaires. Les mises \u00e0 jour seront publi\u00e9es de la m\u00eame mani\u00e8re que cette politique.<\/p>\n<p><strong>Derni\u00e8re mise \u00e0 jour : mars 2025<\/strong>[\/vc_column_text][\/vc_column][\/vc_row]\n","protected":false},"excerpt":{"rendered":"<p>[vc_row type=&#8221;in_container&#8221; full_screen_row_position=&#8221;middle&#8221; column_margin=&#8221;default&#8221; column_direction=&#8221;default&#8221; column_direction_tablet=&#8221;default&#8221; column_direction_phone=&#8221;default&#8221; scene_position=&#8221;center&#8221; text_color=&#8221;dark&#8221; text_align=&#8221;left&#8221; row_border_radius=&#8221;none&#8221; row_border_radius_applies=&#8221;bg&#8221; overflow=&#8221;visible&#8221; overlay_strength=&#8221;0.3&#8243; gradient_direction=&#8221;left_to_right&#8221; shape_divider_position=&#8221;bottom&#8221; bg_image_animation=&#8221;none&#8221;][vc_column column_padding=&#8221;no-extra-padding&#8221; column_padding_tablet=&#8221;inherit&#8221; column_padding_phone=&#8221;inherit&#8221; column_padding_position=&#8221;all&#8221; column_element_direction_desktop=&#8221;default&#8221; column_element_spacing=&#8221;default&#8221; desktop_text_alignment=&#8221;default&#8221; tablet_text_alignment=&#8221;default&#8221; phone_text_alignment=&#8221;default&#8221; background_color_opacity=&#8221;1&#8243; background_hover_color_opacity=&#8221;1&#8243; column_backdrop_filter=&#8221;none&#8221; column_shadow=&#8221;none&#8221;&#8230;<\/p>\n","protected":false},"author":3,"featured_media":0,"parent":0,"menu_order":0,"comment_status":"closed","ping_status":"closed","template":"","meta":{"_joinchat":[],"footnotes":""},"class_list":["post-4059","page","type-page","status-publish"],"_links":{"self":[{"href":"https:\/\/www.solventa6.com\/en\/wp-json\/wp\/v2\/pages\/4059","targetHints":{"allow":["GET"]}}],"collection":[{"href":"https:\/\/www.solventa6.com\/en\/wp-json\/wp\/v2\/pages"}],"about":[{"href":"https:\/\/www.solventa6.com\/en\/wp-json\/wp\/v2\/types\/page"}],"author":[{"embeddable":true,"href":"https:\/\/www.solventa6.com\/en\/wp-json\/wp\/v2\/users\/3"}],"replies":[{"embeddable":true,"href":"https:\/\/www.solventa6.com\/en\/wp-json\/wp\/v2\/comments?post=4059"}],"version-history":[{"count":5,"href":"https:\/\/www.solventa6.com\/en\/wp-json\/wp\/v2\/pages\/4059\/revisions"}],"predecessor-version":[{"id":4104,"href":"https:\/\/www.solventa6.com\/en\/wp-json\/wp\/v2\/pages\/4059\/revisions\/4104"}],"wp:attachment":[{"href":"https:\/\/www.solventa6.com\/en\/wp-json\/wp\/v2\/media?parent=4059"}],"curies":[{"name":"wp","href":"https:\/\/api.w.org\/{rel}","templated":true}]}}