{"id":4048,"date":"2024-05-09T13:15:00","date_gmt":"2024-05-09T11:15:00","guid":{"rendered":"https:\/\/www.solventa6.com\/politica-de-privacitat\/"},"modified":"2025-10-06T21:55:56","modified_gmt":"2025-10-06T19:55:56","slug":"politica-de-privacitat","status":"publish","type":"page","link":"https:\/\/www.solventa6.com\/es\/politica-de-privacitat\/","title":{"rendered":"Pol\u00edtica de Privacidad"},"content":{"rendered":"[vc_row type=\u00bbin_container\u00bb full_screen_row_position=\u00bbmiddle\u00bb column_margin=\u00bbdefault\u00bb column_direction=\u00bbdefault\u00bb column_direction_tablet=\u00bbdefault\u00bb column_direction_phone=\u00bbdefault\u00bb scene_position=\u00bbcenter\u00bb text_color=\u00bbdark\u00bb text_align=\u00bbleft\u00bb row_border_radius=\u00bbnone\u00bb row_border_radius_applies=\u00bbbg\u00bb overflow=\u00bbvisible\u00bb overlay_strength=\u00bb0.3&#8243; gradient_direction=\u00bbleft_to_right\u00bb shape_divider_position=\u00bbbottom\u00bb bg_image_animation=\u00bbnone\u00bb][vc_column column_padding=\u00bbno-extra-padding\u00bb column_padding_tablet=\u00bbinherit\u00bb column_padding_phone=\u00bbinherit\u00bb column_padding_position=\u00bball\u00bb column_element_direction_desktop=\u00bbdefault\u00bb column_element_spacing=\u00bbdefault\u00bb desktop_text_alignment=\u00bbdefault\u00bb tablet_text_alignment=\u00bbdefault\u00bb phone_text_alignment=\u00bbdefault\u00bb background_color_opacity=\u00bb1&#8243; background_hover_color_opacity=\u00bb1&#8243; column_backdrop_filter=\u00bbnone\u00bb column_shadow=\u00bbnone\u00bb column_border_radius=\u00bbnone\u00bb column_link_target=\u00bb_self\u00bb column_position=\u00bbdefault\u00bb gradient_direction=\u00bbleft_to_right\u00bb overlay_strength=\u00bb0.3&#8243; width=\u00bb1\/1&#8243; tablet_width_inherit=\u00bbdefault\u00bb animation_type=\u00bbdefault\u00bb bg_image_animation=\u00bbnone\u00bb border_type=\u00bbsimple\u00bb column_border_width=\u00bbnone\u00bb column_border_style=\u00bbsolid\u00bb][vc_column_text css=\u00bb\u00bb text_direction=\u00bbdefault\u00bb]\n<h1>Pol\u00edtica de privacidad<\/h1>\n<p>El acceso y uso del sitio web <a href=\"https:\/\/www.solventa6.com\/es\/\">https:\/\/www.solventa6.com<\/a> (en adelante, \u201cWeb\u201d) atribuye la condici\u00f3n de usuario al visitante de la Web e implica la total aceptaci\u00f3n sin reservas por parte del usuario de las condiciones de uso vigentes en cada momento.<\/p>\n<p>Consideramos importante la privacidad de las personas, tanto de los visitantes de nuestro sitio web como de cualesquiera otros afectados que nos proporcionan informaci\u00f3n a trav\u00e9s del mismo, cuyos datos son tratados por SOLVENTA 6 SL (en adelante SOLVENTA) como parte de la prestaci\u00f3n de servicios (en adelante y conjuntamente, \u201custed\u201d o el \u201cusuario\u201d y de forma plural, \u201custedes\u201d o los \u201cusuarios\u201d). En este sentido, SOLVENTA se compromete al tratamiento de sus datos de acuerdo con la normativa de protecci\u00f3n de datos personales aplicable y en vigor en cada momento. Concretamente, SOLVENTA cumplir\u00e1 con las premisas establecidas en la Ley Org\u00e1nica 3\/2018, de 5 de diciembre, de Protecci\u00f3n de Datos Personales y garant\u00eda de los derechos digitales, as\u00ed como aquellas del Reglamento (UE) 2016\/679, de 27 de abril de 2016, del Parlamento Europeo y del Consejo relativo a la protecci\u00f3n de las personas f\u00edsicas en lo que respecta al tratamiento de datos personales y a la libre circulaci\u00f3n de estos datos.<\/p>\n<p>En base a ello, SOLVENTA informa de su Pol\u00edtica de Privacidad, con el fin de hacer conocedores a los usuarios sobre el tratamiento de sus datos, as\u00ed como de los principios fundamentales sobre protecci\u00f3n de datos personales que aplica. Para ello, consulte los apartados que se indican a continuaci\u00f3n:<\/p>\n<h3>1.- \u00bfQui\u00e9n es el Responsable del tratamiento de los datos personales del usuario?<\/h3>\n<p><strong>Identidad del Responsable del tratamiento:<\/strong>\u00a0SOLVENTA 6 SL<br \/>\n<strong>N.I.F.:<\/strong>\u00a0\u00a0B17671116<br \/>\n<strong>Direcci\u00f3n postal:<\/strong>\u00a0Can Jeroni, 17181 Aiguaviva, El Girones, Girona<br \/>\n<strong>Tel\u00e9fono:<\/strong>\u00a0972 233875<br \/>\n<strong>Correo electr\u00f3nico:\u00a0<\/strong>info@solventa.com<\/p>\n<h3>2.- \u00bfCu\u00e1les son las finalidades principales del tratamiento de los datos personales del usuario?<\/h3>\n<ol>\n<li>La ejecuci\u00f3n y\/o mantenimiento de cualquier relaci\u00f3n contractual, y\/o la gesti\u00f3n de un servicio.<\/li>\n<li>La atenci\u00f3n y gesti\u00f3n de las solicitudes, cuestiones y\/o consultas realizadas por parte de los usuarios a trav\u00e9s de\u00a0<a href=\"https:\/\/www.solventa6.com\/es\/\">www.solventa.com<\/a>\u00a0o los canales de contacto habilitados.<\/li>\n<li>El env\u00edo de informaci\u00f3n, publicidad y promoci\u00f3n comercial de productos, servicios y actividades de su inter\u00e9s relacionados con los servicios integrales de construcci\u00f3n por cualquier medio incluido el electr\u00f3nico (correo electr\u00f3nico o medios equivalentes, como sms, tel\u00e9fonos m\u00f3viles, \u2026)<\/li>\n<li>Conocer su opini\u00f3n y valoraci\u00f3n y mantenerle al d\u00eda de actividades, noticias, ofertas especiales y promocionales de su inter\u00e9s relacionado con los servicios integrales de construcci\u00f3n.<\/li>\n<\/ol>\n<h3>3.- \u00bfCu\u00e1l es la legitimaci\u00f3n para el tratamiento de sus datos?<\/h3>\n<p>Trataremos sus datos cuando sean necesarios para ejecutar cualquier relaci\u00f3n contractual o bien cuando el usuario haya prestado su consentimiento.<\/p>\n<p>Al respecto, si los datos aportados en los correspondientes formularios fueran titular de un tercero, el usuario se hace \u00fanico responsable de la correcta captaci\u00f3n del consentimiento de informaci\u00f3n al tercero sobre los aspectos reflejados en el\u00a0<a href=\"https:\/\/www.solventa6.com\/es\/avis-legal\/\">Aviso legal<\/a>\u00a0y la Pol\u00edtica de Privacidad de la Web.<\/p>\n<h3>4.- \u00bfPor cu\u00e1nto tiempo conservaremos sus datos?<\/h3>\n<p>Se conservar\u00e1n durante no m\u00e1s tiempo del necesario para las anteriores finalidades del tratamiento, as\u00ed como mientras existan prescripciones legales que dictaminen su custodia y cuando ya no sea necesario para ello o bien usted solicite la supresi\u00f3n de sus datos. Para ello, se aplicar\u00e1n medidas de seguridad adecuadas para garantizar el car\u00e1cter an\u00f3nimo de los datos o la destrucci\u00f3n total de los mismos.<\/p>\n<h3>5.- \u00bfQui\u00e9nes podr\u00e1n ser destinatarios de la comunicaci\u00f3n de datos?<\/h3>\n<p>Le informamos que nunca cedemos, vendemos, ni intercambiamos sus datos personales con terceros. No obstante, sus datos podr\u00edan ser cedidos a los organismos y\/o autoridades competentes en los casos que exista una obligaci\u00f3n legal o a otras empresas del Grupo SOLVENTA o a terceros proveedores cuya intervenci\u00f3n resulte necesaria para las anteriores finalidades.<\/p>\n<h3>6.- \u00bfCu\u00e1les son sus derechos cuando nos facilita sus datos?<\/h3>\n<ul>\n<li>Derecho a solicitar el acceso a los datos personales:\u00a0usted podr\u00e1 preguntar a SOLVENTA si est\u00e1 tratando sus datos, y en caso afirmativo acceder a los mismos.<\/li>\n<li>Derecho a solicitar su rectificaci\u00f3n si los datos son inexactos, o completar los datos que tengamos incompletos.<\/li>\n<li>Derecho a solicitar la supresi\u00f3n de sus datos, cuando, entre otros motivos, los datos ya no sean necesarios para los fines que fueron recogidos.<\/li>\n<li>Derecho a solicitar la limitaci\u00f3n de su tratamiento: en este caso \u00fanicamente los conservaremos para el ejercicio o la defensa de reclamaciones.<\/li>\n<li>Derecho a oponerse al tratamiento:\u00a0SOLVENTA dejar\u00e1\u00a0de tratar los datos personales, con la excepci\u00f3n que deban seguir trat\u00e1ndose por motivos leg\u00edtimos o\u00a0para el ejercicio o defensa de posibles reclamaciones.<\/li>\n<li>Derecho a la portabilidad de los datos:\u00a0en caso de que el usuario quiera que sus datos sean tratados por otro responsable del tratamiento, SOLVENTA le facilitar\u00e1 el trasvase de sus datos al nuevo responsable.<\/li>\n<li>Derecho a no ser objeto de una decisi\u00f3n basada \u00fanicamente en el tratamiento automatizado de sus datos personales.<\/li>\n<\/ul>\n<p>Si hubiese otorgado el consentimiento para alguna finalidad espec\u00edfica, podr\u00e1 retirar el mismo cuando lo desee, sin que ello afecte a la licitud del tratamiento basado en el consentimiento previo a su retirada.<\/p>\n<p>Para el ejercicio de sus derechos le rogamos que nos lo comunique por escrito a SOLVENTA, Can Jeroni, 17181 Aiguaviva, El Girones, Girona indicando su nombre, apellidos, direcci\u00f3n o que nos env\u00ede un e-mail a: info@solventa.com. Si se tienen dudas sobre su identidad, podr\u00e1 resultar necesario aportar fotocopia del D.N.I. o documento equivalente que acredite su identidad y sea considerado v\u00e1lido en derecho. Para ello, puede utilizar los modelos y formularios sobre los distintos derechos de los que dispone la Agencia Espa\u00f1ola de Protecci\u00f3n de Datos en su p\u00e1gina oficial (<a href=\"https:\/\/www.aepd.es\/reglamento\/derechos\/index.html\">https:\/\/www.aepd.es\/reglamento\/derechos\/index.html<\/a>).<\/p>\n<p>Le informamos del derecho que le asiste a presentar reclamaci\u00f3n ante la Autoridad de Control, espec\u00edficamente, ante la Agencia Espa\u00f1ola de Protecci\u00f3n de Datos (<a href=\"https:\/\/sedeagpd.gob.es\/sede-electronica-web\/vistas\/formNuevaReclamacion\/reclamacion.jsf\">https:\/\/sedeagpd.gob.es\/sede-electronica-web\/vistas\/formNuevaReclamacion\/reclamacion.jsf<\/a>), y dem\u00e1s organismos p\u00fablicos competentes para cualquier reclamaci\u00f3n derivada de sus datos personales.<\/p>\n<h3>7.- Enlaces<\/h3>\n<p>El Sitio Web puede contener enlaces a otras p\u00e1ginas webs. Tenga en cuenta que no somos responsables de la privacidad y el tratamiento de datos de otras p\u00e1ginas webs. Esta Pol\u00edtica de Privacidad es aplicable exclusivamente a la informaci\u00f3n que se recaba en el Sitio Web. Le recomendamos que lea las pol\u00edticas de privacidad y tratamiento de datos de otras p\u00e1ginas web con las que enlace desde nuestro Sitio Web o que visite de cualquier otro modo.<\/p>\n<h3>8.- Redes sociales<\/h3>\n<p>SOLVENTA tiene presencia en algunas de las principales redes sociales de Internet, y de las que act\u00faa como responsable del tratamiento en relaci\u00f3n con los datos publicados por SOLVENTA.<\/p>\n<p>SOLVENTA tratar\u00e1 los datos en cada red social seg\u00fan las normas establecidas al efecto por cada red social. Por tanto, y mientras no se manifieste lo contrario desde SOLVENTA podremos informar, a nuestros seguidores en la red social correspondiente de nuestras actividades, eventos, y dem\u00e1s temas relacionados, incluida la atenci\u00f3n al seguidor, por los canales que la red social proporcione al efecto.<\/p>\n<p>SOLVENTA no extraer\u00e1 datos personales de las redes sociales, salvo que el usuario nos d\u00e9 su consentimiento expreso.<\/p>\n<h3>9.- Modificaciones e integridad de nuestra Pol\u00edtica de Privacidad<\/h3>\n<p>Solo utilizaremos sus datos de car\u00e1cter personal seg\u00fan lo establecido en la Pol\u00edtica de Privacidad que est\u00e9 en vigor en el momento en que recabemos sus datos de car\u00e1cter personal. SOLVENTA se reserva el derecho a modificar en cualquier momento esta Pol\u00edtica de Privacidad, publicando tales modificaciones en nuestro sitio web, por lo que le recomendamos que cada vez que lo visite acceda a la Pol\u00edtica de Privacidad. En caso de que cualquier cl\u00e1usula de la presente Pol\u00edtica de Privacidad fuera anulada o considerada nula, el resto de las condiciones no se ver\u00e1n afectadas, conservando plenamente su validez y vigencia, en atenci\u00f3n a la normativa vigente de aplicaci\u00f3n en cada momento.<\/p>\n<p>Al utilizar nuestro sitio web, el usuario admite que ha le\u00eddo esta Pol\u00edtica de Privacidad y nuestro\u00a0<a href=\"https:\/\/www.solventa6.com\/es\/avis-legal\/\">Aviso Legal<\/a>.<\/p>\n<p>Fecha de la \u00faltima actualizaci\u00f3n marzo 2025[\/vc_column_text][\/vc_column][\/vc_row]\n","protected":false},"excerpt":{"rendered":"<p>[vc_row type=\u00bbin_container\u00bb full_screen_row_position=\u00bbmiddle\u00bb column_margin=\u00bbdefault\u00bb column_direction=\u00bbdefault\u00bb column_direction_tablet=\u00bbdefault\u00bb column_direction_phone=\u00bbdefault\u00bb scene_position=\u00bbcenter\u00bb text_color=\u00bbdark\u00bb text_align=\u00bbleft\u00bb row_border_radius=\u00bbnone\u00bb row_border_radius_applies=\u00bbbg\u00bb overflow=\u00bbvisible\u00bb overlay_strength=\u00bb0.3&#8243; gradient_direction=\u00bbleft_to_right\u00bb shape_divider_position=\u00bbbottom\u00bb bg_image_animation=\u00bbnone\u00bb][vc_column column_padding=\u00bbno-extra-padding\u00bb column_padding_tablet=\u00bbinherit\u00bb column_padding_phone=\u00bbinherit\u00bb column_padding_position=\u00bball\u00bb column_element_direction_desktop=\u00bbdefault\u00bb column_element_spacing=\u00bbdefault\u00bb desktop_text_alignment=\u00bbdefault\u00bb tablet_text_alignment=\u00bbdefault\u00bb phone_text_alignment=\u00bbdefault\u00bb background_color_opacity=\u00bb1&#8243; background_hover_color_opacity=\u00bb1&#8243; column_backdrop_filter=\u00bbnone\u00bb column_shadow=\u00bbnone\u00bb&#8230;<\/p>\n","protected":false},"author":3,"featured_media":0,"parent":0,"menu_order":0,"comment_status":"closed","ping_status":"closed","template":"","meta":{"_joinchat":[],"footnotes":""},"class_list":["post-4048","page","type-page","status-publish"],"_links":{"self":[{"href":"https:\/\/www.solventa6.com\/es\/wp-json\/wp\/v2\/pages\/4048","targetHints":{"allow":["GET"]}}],"collection":[{"href":"https:\/\/www.solventa6.com\/es\/wp-json\/wp\/v2\/pages"}],"about":[{"href":"https:\/\/www.solventa6.com\/es\/wp-json\/wp\/v2\/types\/page"}],"author":[{"embeddable":true,"href":"https:\/\/www.solventa6.com\/es\/wp-json\/wp\/v2\/users\/3"}],"replies":[{"embeddable":true,"href":"https:\/\/www.solventa6.com\/es\/wp-json\/wp\/v2\/comments?post=4048"}],"version-history":[{"count":5,"href":"https:\/\/www.solventa6.com\/es\/wp-json\/wp\/v2\/pages\/4048\/revisions"}],"predecessor-version":[{"id":4695,"href":"https:\/\/www.solventa6.com\/es\/wp-json\/wp\/v2\/pages\/4048\/revisions\/4695"}],"wp:attachment":[{"href":"https:\/\/www.solventa6.com\/es\/wp-json\/wp\/v2\/media?parent=4048"}],"curies":[{"name":"wp","href":"https:\/\/api.w.org\/{rel}","templated":true}]}}