{"id":4055,"date":"2024-06-21T08:51:34","date_gmt":"2024-06-21T06:51:34","guid":{"rendered":"https:\/\/www.solventa6.com\/politica-de-cookies\/"},"modified":"2025-03-13T09:28:47","modified_gmt":"2025-03-13T08:28:47","slug":"politica-de-cookies","status":"publish","type":"page","link":"https:\/\/www.solventa6.com\/es\/politica-de-cookies\/","title":{"rendered":"Pol\u00edtica de cookies"},"content":{"rendered":"[vc_row type=\u00bbin_container\u00bb full_screen_row_position=\u00bbmiddle\u00bb column_margin=\u00bbdefault\u00bb column_direction=\u00bbdefault\u00bb column_direction_tablet=\u00bbdefault\u00bb column_direction_phone=\u00bbdefault\u00bb scene_position=\u00bbcenter\u00bb text_color=\u00bbdark\u00bb text_align=\u00bbleft\u00bb row_border_radius=\u00bbnone\u00bb row_border_radius_applies=\u00bbbg\u00bb overflow=\u00bbvisible\u00bb overlay_strength=\u00bb0.3&#8243; gradient_direction=\u00bbleft_to_right\u00bb shape_divider_position=\u00bbbottom\u00bb bg_image_animation=\u00bbnone\u00bb][vc_column column_padding=\u00bbno-extra-padding\u00bb column_padding_tablet=\u00bbinherit\u00bb column_padding_phone=\u00bbinherit\u00bb column_padding_position=\u00bball\u00bb column_element_direction_desktop=\u00bbdefault\u00bb column_element_spacing=\u00bbdefault\u00bb desktop_text_alignment=\u00bbdefault\u00bb tablet_text_alignment=\u00bbdefault\u00bb phone_text_alignment=\u00bbdefault\u00bb background_color_opacity=\u00bb1&#8243; background_hover_color_opacity=\u00bb1&#8243; column_backdrop_filter=\u00bbnone\u00bb column_shadow=\u00bbnone\u00bb column_border_radius=\u00bbnone\u00bb column_link_target=\u00bb_self\u00bb column_position=\u00bbdefault\u00bb gradient_direction=\u00bbleft_to_right\u00bb overlay_strength=\u00bb0.3&#8243; width=\u00bb1\/1&#8243; tablet_width_inherit=\u00bbdefault\u00bb animation_type=\u00bbdefault\u00bb bg_image_animation=\u00bbnone\u00bb border_type=\u00bbsimple\u00bb column_border_width=\u00bbnone\u00bb column_border_style=\u00bbsolid\u00bb][vc_column_text css=\u00bb\u00bb text_direction=\u00bbdefault\u00bb]\n<h1>Pol\u00edtica de cookies<\/h1>\n<p><strong>INFORMACI\u00d3N GENERAL<\/strong><\/p>\n<p><strong>\u00bfQu\u00e9 son las cookies?<\/strong><\/p>\n<p>Las cookies y otras tecnolog\u00edas similares tales como local shared objects, flash cookies o p\u00edxeles, son herramientas empleadas por los servidores Web para almacenar y recuperar informaci\u00f3n acerca de sus visitantes, as\u00ed como para ofrecer un correcto funcionamiento del sitio.<\/p>\n<p>Mediante el uso de estos dispositivos se permite al servidor Web recordar algunos datos concernientes al usuario, como sus preferencias para la visualizaci\u00f3n de las p\u00e1ginas de ese servidor, nombre y contrase\u00f1a, productos que m\u00e1s le interesan, etc.<\/p>\n<p><strong>Cookies afectadas por la normativa y cookies exceptuadas<\/strong><\/p>\n<p>De acuerdo con la normativa aplicable, las cookies que requieren el consentimiento informado por parte del usuario son las cookies de anal\u00edtica y las de publicidad y afiliaci\u00f3n, quedando exceptuadas las de car\u00e1cter t\u00e9cnico y las necesarias para el funcionamiento del sitio web o la prestaci\u00f3n de servicios expresamente solicitados por el usuario.<\/p>\n<p><strong>\u00bfQu\u00e9 tipos de cookies existen?<\/strong><\/p>\n<p><strong>Seg\u00fan su funcionalidad<\/strong><\/p>\n<ul>\n<li><strong>Cookies necesarias<\/strong>: son aquellas imprescindibles para el correcto funcionamiento del sitio web. No recopilan ning\u00fan tipo de datos de usuario y recogen informaci\u00f3n como la preferencia de idioma, si se ha aceptado la pol\u00edtica de cookies, etc.<\/li>\n<\/ul>\n<ul>\n<li><strong>Cookies de an\u00e1lisis o medici\u00f3n<\/strong>: Son aqu\u00e9llas que bien tratadas por nosotros o por terceros, nos permiten cuantificar el n\u00famero de usuarios y as\u00ed realizar la medici\u00f3n y an\u00e1lisis estad\u00edstico de la utilizaci\u00f3n que hacen los usuarios del servicio ofertado. Para ello se analiza su navegaci\u00f3n en nuestra p\u00e1gina web con el fin de mejorar la oferta de productos o servicios que le ofrecemos.<\/li>\n<\/ul>\n<ul>\n<li><strong>Cookies de publicidad comportamental o de marketing personalizado<\/strong>: Son aqu\u00e9llas que permiten la gesti\u00f3n, de la forma m\u00e1s eficaz posible, de los espacios publicitarios que, en su caso, el editor haya incluido en una p\u00e1gina web, aplicaci\u00f3n o plataforma desde la que presta el servicio solicitado. Estas cookies almacenan informaci\u00f3n del comportamiento de los usuarios obtenida a trav\u00e9s de la observaci\u00f3n continuada de sus h\u00e1bitos de navegaci\u00f3n, lo que permite desarrollar un perfil espec\u00edfico para mostrar publicidad en funci\u00f3n del mismo. Asimismo, es posible que al visitar alguna p\u00e1gina web o al abrir alg\u00fan email donde se publique alg\u00fan anuncio o alguna promoci\u00f3n sobre nuestros productos o servicios se instale en tu navegador alguna cookie que nos sirve para mostrarte posteriormente publicidad relacionada con la b\u00fasqueda que hayas realizado, desarrollar un control de nuestros anuncios en relaci\u00f3n, por ejemplo, con el n\u00famero de veces que son vistos, donde aparecen, a qu\u00e9 hora se ven, etc.<\/li>\n<\/ul>\n<table width=\"1000\">\n<tbody>\n<tr>\n<td><\/td>\n<td><\/td>\n<td><\/td>\n<td><\/td>\n<td><\/td>\n<\/tr>\n<\/tbody>\n<\/table>\n<p><strong>REVOCACI\u00d3N DEL CONSENTIMIENTO PARA INSTALAR COOKIES<\/strong><\/p>\n<p>Puede aceptar, rechazar o modificar sus preferencias sobre el uso de cookies en el panel de configuraci\u00f3n, accesible en el bot\u00f3n \u201cPol\u00edtica de cookies\u201d en la parte inferior derecha de su pantalla.<\/p>\n<p>Los navegadores de internet permiten visualizar, desactivar, restringir, bloquear o eliminar las cookies. A continuaci\u00f3n, se muestra c\u00f3mo puede configurar las cookies en los principales navegadores, si bien le recomendamos que consulte el Soporte o la Ayuda de su navegador para obtener informaci\u00f3n detallada y actualizada en funci\u00f3n de la versi\u00f3n de su navegador y el terminal utilizado:<\/p>\n<ul>\n<li><strong>Internet Explorer<\/strong>: Herramientas -&gt; Opciones de Internet\u00a0-&gt; Privacidad\u00a0-&gt; Configuraci\u00f3n.<\/li>\n<\/ul>\n<p>Para m\u00e1s informaci\u00f3n, puede consultar el\u00a0<a href=\"http:\/\/windows.microsoft.com\/es-ES\/windows\/support\">soporte de Microsoft<\/a>\u00a0o la Ayuda del navegador. Tambi\u00e9n puede conocer informaci\u00f3n en materia de cookies pinchando en el enlace\u00a0<a href=\"https:\/\/support.microsoft.com\/es-es\/windows\/eliminar-y-administrar-cookies-168dab11-0753-043d-7c16-ede5947fc64d#ie=\">https:\/\/support.microsoft.com\/es-es\/windows\/eliminar-y-administrar-cookies-168dab11-0753-043d-7c16-ede5947fc64d#ie=<\/a><\/p>\n<ul>\n<li><strong>Firefox:\u00a0<\/strong>Herramientas\u00a0-&gt; Opciones\u00a0-&gt; Privacidad\u00a0-&gt; Historial\u00a0-&gt; Configuraci\u00f3n Personalizada.<\/li>\n<\/ul>\n<p>Para m\u00e1s informaci\u00f3n, puede consultar el\u00a0<a href=\"http:\/\/support.mozilla.org\/es\/home\">soporte de Mozilla<\/a>\u00a0o la Ayuda del navegador. Tambi\u00e9n puede conocer informaci\u00f3n en materia de cookies pinchando en el enlace\u00a0<a href=\"https:\/\/support.mozilla.org\/es\/kb\/Borrar%20cookies\">https:\/\/support.mozilla.org\/es\/kb\/Borrar%20cookies<\/a><\/p>\n<ul>\n<li><strong>Chrome:\u00a0<\/strong>Configuraci\u00f3n\u00a0-&gt; Mostrar opciones avanzadas\u00a0-&gt; Privacidad\u00a0-&gt; Configuraci\u00f3n de contenido.<\/li>\n<\/ul>\n<p>Para m\u00e1s informaci\u00f3n, puede consultar el\u00a0<a href=\"http:\/\/support.google.com\/chrome\/?hl=es\">soporte de Google<\/a>\u00a0o la Ayuda del navegador. Tambi\u00e9n puede conocer informaci\u00f3n en materia de cookies pinchando en el enlace\u00a0<a href=\"https:\/\/support.google.com\/chrome\/answer\/95647?hl=\">https:\/\/support.google.com\/chrome\/answer\/95647?hl=<\/a><\/p>\n<ul>\n<li><strong>Safari:\u00a0<\/strong>Preferencias\u00a0-&gt; Seguridad.<\/li>\n<\/ul>\n<p>Para m\u00e1s informaci\u00f3n, puede consultar el\u00a0<a href=\"http:\/\/www.apple.com\/es\/support\/safari\/\">soporte de Apple<\/a>\u00a0o la Ayuda del navegador. Tambi\u00e9n puede conocer informaci\u00f3n en materia de cookies pinchando en el enlace\u00a0<a href=\"https:\/\/www.apple.com\/legal\/privacy\/es\/cookies\/\">https:\/\/www.apple.com\/legal\/privacy\/es\/cookies\/<\/a><\/p>\n<p>Asimismo, le informamos de que algunos navegadores permiten activar un modo privado o Inc\u00f3gnito de navegaci\u00f3n en virtud del cual las cookies se instalan en el terminal, pero se eliminan de manera autom\u00e1tica cuando finaliza la sesi\u00f3n de navegaci\u00f3n.<\/p>\n<p>Si el navegador no aparece en el listado, consulte la documentaci\u00f3n del navegador que tenga instalado para bloquear, eliminar o permitir la descarga de Cookies.<\/p>\n<p><strong>Actualizaciones y cambios en la pol\u00edtica de \u201ccookies\u201d<\/strong><\/p>\n<p>SOLVENTA 6 SL. podr\u00e1 modificar la Pol\u00edtica de Cookies total o parcialmente, publicando cualquier cambio en la misma forma en que aparece esta pol\u00edtica, en funci\u00f3n de exigencias legislativas, reglamentarias o con la finalidad de adaptar dicha pol\u00edtica a las instrucciones de la AEPD. Por ello, te aconsejamos la visita peri\u00f3dica a su contenido.<\/p>\n<p>\u00daltima fecha de actualizaci\u00f3n: marzo 2025.[\/vc_column_text][\/vc_column][\/vc_row]\n","protected":false},"excerpt":{"rendered":"<p>[vc_row type=\u00bbin_container\u00bb full_screen_row_position=\u00bbmiddle\u00bb column_margin=\u00bbdefault\u00bb column_direction=\u00bbdefault\u00bb column_direction_tablet=\u00bbdefault\u00bb column_direction_phone=\u00bbdefault\u00bb scene_position=\u00bbcenter\u00bb text_color=\u00bbdark\u00bb text_align=\u00bbleft\u00bb row_border_radius=\u00bbnone\u00bb row_border_radius_applies=\u00bbbg\u00bb overflow=\u00bbvisible\u00bb overlay_strength=\u00bb0.3&#8243; gradient_direction=\u00bbleft_to_right\u00bb shape_divider_position=\u00bbbottom\u00bb bg_image_animation=\u00bbnone\u00bb][vc_column column_padding=\u00bbno-extra-padding\u00bb column_padding_tablet=\u00bbinherit\u00bb column_padding_phone=\u00bbinherit\u00bb column_padding_position=\u00bball\u00bb column_element_direction_desktop=\u00bbdefault\u00bb column_element_spacing=\u00bbdefault\u00bb desktop_text_alignment=\u00bbdefault\u00bb tablet_text_alignment=\u00bbdefault\u00bb phone_text_alignment=\u00bbdefault\u00bb background_color_opacity=\u00bb1&#8243; background_hover_color_opacity=\u00bb1&#8243; column_backdrop_filter=\u00bbnone\u00bb column_shadow=\u00bbnone\u00bb&#8230;<\/p>\n","protected":false},"author":3,"featured_media":0,"parent":0,"menu_order":0,"comment_status":"closed","ping_status":"closed","template":"","meta":{"_joinchat":[],"footnotes":""},"class_list":["post-4055","page","type-page","status-publish"],"_links":{"self":[{"href":"https:\/\/www.solventa6.com\/es\/wp-json\/wp\/v2\/pages\/4055","targetHints":{"allow":["GET"]}}],"collection":[{"href":"https:\/\/www.solventa6.com\/es\/wp-json\/wp\/v2\/pages"}],"about":[{"href":"https:\/\/www.solventa6.com\/es\/wp-json\/wp\/v2\/types\/page"}],"author":[{"embeddable":true,"href":"https:\/\/www.solventa6.com\/es\/wp-json\/wp\/v2\/users\/3"}],"replies":[{"embeddable":true,"href":"https:\/\/www.solventa6.com\/es\/wp-json\/wp\/v2\/comments?post=4055"}],"version-history":[{"count":5,"href":"https:\/\/www.solventa6.com\/es\/wp-json\/wp\/v2\/pages\/4055\/revisions"}],"predecessor-version":[{"id":4095,"href":"https:\/\/www.solventa6.com\/es\/wp-json\/wp\/v2\/pages\/4055\/revisions\/4095"}],"wp:attachment":[{"href":"https:\/\/www.solventa6.com\/es\/wp-json\/wp\/v2\/media?parent=4055"}],"curies":[{"name":"wp","href":"https:\/\/api.w.org\/{rel}","templated":true}]}}