{"id":4052,"date":"2024-05-09T13:15:00","date_gmt":"2024-05-09T11:15:00","guid":{"rendered":"https:\/\/www.solventa6.com\/politica-de-privacitat\/"},"modified":"2025-03-13T09:35:10","modified_gmt":"2025-03-13T08:35:10","slug":"politica-de-privacitat","status":"publish","type":"page","link":"https:\/\/www.solventa6.com\/fr\/politica-de-privacitat\/","title":{"rendered":"Politique de Confidentialit\u00e9"},"content":{"rendered":"[vc_row type=\u00a0\u00bbin_container\u00a0\u00bb full_screen_row_position=\u00a0\u00bbmiddle\u00a0\u00bb column_margin=\u00a0\u00bbdefault\u00a0\u00bb column_direction=\u00a0\u00bbdefault\u00a0\u00bb column_direction_tablet=\u00a0\u00bbdefault\u00a0\u00bb column_direction_phone=\u00a0\u00bbdefault\u00a0\u00bb scene_position=\u00a0\u00bbcenter\u00a0\u00bb text_color=\u00a0\u00bbdark\u00a0\u00bb text_align=\u00a0\u00bbleft\u00a0\u00bb row_border_radius=\u00a0\u00bbnone\u00a0\u00bb row_border_radius_applies=\u00a0\u00bbbg\u00a0\u00bb overflow=\u00a0\u00bbvisible\u00a0\u00bb overlay_strength=\u00a0\u00bb0.3&Prime; gradient_direction=\u00a0\u00bbleft_to_right\u00a0\u00bb shape_divider_position=\u00a0\u00bbbottom\u00a0\u00bb bg_image_animation=\u00a0\u00bbnone\u00a0\u00bb][vc_column column_padding=\u00a0\u00bbno-extra-padding\u00a0\u00bb column_padding_tablet=\u00a0\u00bbinherit\u00a0\u00bb column_padding_phone=\u00a0\u00bbinherit\u00a0\u00bb column_padding_position=\u00a0\u00bball\u00a0\u00bb column_element_direction_desktop=\u00a0\u00bbdefault\u00a0\u00bb column_element_spacing=\u00a0\u00bbdefault\u00a0\u00bb desktop_text_alignment=\u00a0\u00bbdefault\u00a0\u00bb tablet_text_alignment=\u00a0\u00bbdefault\u00a0\u00bb phone_text_alignment=\u00a0\u00bbdefault\u00a0\u00bb background_color_opacity=\u00a0\u00bb1&Prime; background_hover_color_opacity=\u00a0\u00bb1&Prime; column_backdrop_filter=\u00a0\u00bbnone\u00a0\u00bb column_shadow=\u00a0\u00bbnone\u00a0\u00bb column_border_radius=\u00a0\u00bbnone\u00a0\u00bb column_link_target=\u00a0\u00bb_self\u00a0\u00bb column_position=\u00a0\u00bbdefault\u00a0\u00bb gradient_direction=\u00a0\u00bbleft_to_right\u00a0\u00bb overlay_strength=\u00a0\u00bb0.3&Prime; width=\u00a0\u00bb1\/1&Prime; tablet_width_inherit=\u00a0\u00bbdefault\u00a0\u00bb animation_type=\u00a0\u00bbdefault\u00a0\u00bb bg_image_animation=\u00a0\u00bbnone\u00a0\u00bb border_type=\u00a0\u00bbsimple\u00a0\u00bb column_border_width=\u00a0\u00bbnone\u00a0\u00bb column_border_style=\u00a0\u00bbsolid\u00a0\u00bb][vc_column_text css=\u00a0\u00bb\u00a0\u00bb text_direction=\u00a0\u00bbdefault\u00a0\u00bb]\n<h1>Politique de Confidentialit\u00e9<\/h1>\n<p>SOLVENTA s\u2019engage \u00e0 traiter les donn\u00e9es personnelles en conformit\u00e9 avec la r\u00e9glementation en vigueur, y compris la Loi Organique 3\/2018 sur la Protection des Donn\u00e9es Personnelles et le\u00a0<strong>R\u00e8glement G\u00e9n\u00e9ral sur la Protection des Donn\u00e9es (UE 2016\/679)<\/strong>.<\/p>\n<p><strong>Responsable du traitement des donn\u00e9es :<\/strong>\u00a0SOLVENTA 6 SL<\/p>\n<p><strong>Finalit\u00e9s principales du traitement des donn\u00e9es :<\/strong><\/p>\n<ul>\n<li>Gestion des services et contrats.<\/li>\n<li>R\u00e9ponse aux demandes et consultations.<\/li>\n<li>Envoi d\u2019informations commerciales et promotionnelles.<\/li>\n<\/ul>\n<p><strong>Base l\u00e9gale :<\/strong><\/p>\n<ul>\n<li>Ex\u00e9cution d\u2019un contrat ou consentement de l\u2019utilisateur.<\/li>\n<\/ul>\n<p><strong>Dur\u00e9e de conservation des donn\u00e9es :<\/strong><\/p>\n<ul>\n<li>Uniquement le temps n\u00e9cessaire \u00e0 la finalit\u00e9 du traitement.<\/li>\n<\/ul>\n<p><strong>Destinataires des donn\u00e9es :<\/strong><\/p>\n<ul>\n<li>Les donn\u00e9es ne seront pas communiqu\u00e9es \u00e0 des tiers, sauf obligation l\u00e9gale.<\/li>\n<\/ul>\n<p><strong>Droits de l\u2019utilisateur :<\/strong><\/p>\n<ul>\n<li><strong>Acc\u00e8s :<\/strong>\u00a0Droit de savoir si SOLVENTA traite ses donn\u00e9es.<\/li>\n<li><strong>Rectification :<\/strong>\u00a0Correction des donn\u00e9es inexactes ou incompl\u00e8tes.<\/li>\n<li><strong>Suppression :<\/strong>\u00a0Suppression des donn\u00e9es lorsqu\u2019elles ne sont plus n\u00e9cessaires.<\/li>\n<li><strong>Limitation :<\/strong>\u00a0Restriction du traitement des donn\u00e9es sous certaines conditions.<\/li>\n<li><strong>Opposition :<\/strong>\u00a0Droit de s\u2019opposer au traitement dans certains cas.<\/li>\n<li><strong>Portabilit\u00e9 :<\/strong>\u00a0Droit de transf\u00e9rer ses donn\u00e9es vers un autre responsable.<\/li>\n<\/ul>\n<p>L\u2019utilisateur peut exercer ses droits en contactant SOLVENTA \u00e0\u00a0<strong>info@solventa.com<\/strong>.[\/vc_column_text][\/vc_column][\/vc_row]\n","protected":false},"excerpt":{"rendered":"<p>[vc_row type=\u00a0\u00bbin_container\u00a0\u00bb full_screen_row_position=\u00a0\u00bbmiddle\u00a0\u00bb column_margin=\u00a0\u00bbdefault\u00a0\u00bb column_direction=\u00a0\u00bbdefault\u00a0\u00bb column_direction_tablet=\u00a0\u00bbdefault\u00a0\u00bb column_direction_phone=\u00a0\u00bbdefault\u00a0\u00bb scene_position=\u00a0\u00bbcenter\u00a0\u00bb text_color=\u00a0\u00bbdark\u00a0\u00bb text_align=\u00a0\u00bbleft\u00a0\u00bb row_border_radius=\u00a0\u00bbnone\u00a0\u00bb row_border_radius_applies=\u00a0\u00bbbg\u00a0\u00bb overflow=\u00a0\u00bbvisible\u00a0\u00bb overlay_strength=\u00a0\u00bb0.3&Prime; gradient_direction=\u00a0\u00bbleft_to_right\u00a0\u00bb shape_divider_position=\u00a0\u00bbbottom\u00a0\u00bb bg_image_animation=\u00a0\u00bbnone\u00a0\u00bb][vc_column column_padding=\u00a0\u00bbno-extra-padding\u00a0\u00bb column_padding_tablet=\u00a0\u00bbinherit\u00a0\u00bb column_padding_phone=\u00a0\u00bbinherit\u00a0\u00bb column_padding_position=\u00a0\u00bball\u00a0\u00bb column_element_direction_desktop=\u00a0\u00bbdefault\u00a0\u00bb column_element_spacing=\u00a0\u00bbdefault\u00a0\u00bb desktop_text_alignment=\u00a0\u00bbdefault\u00a0\u00bb tablet_text_alignment=\u00a0\u00bbdefault\u00a0\u00bb phone_text_alignment=\u00a0\u00bbdefault\u00a0\u00bb background_color_opacity=\u00a0\u00bb1&Prime; background_hover_color_opacity=\u00a0\u00bb1&Prime; column_backdrop_filter=\u00a0\u00bbnone\u00a0\u00bb column_shadow=\u00a0\u00bbnone\u00a0\u00bb&#8230;<\/p>\n","protected":false},"author":3,"featured_media":0,"parent":0,"menu_order":0,"comment_status":"closed","ping_status":"closed","template":"","meta":{"_joinchat":[],"footnotes":""},"class_list":["post-4052","page","type-page","status-publish"],"_links":{"self":[{"href":"https:\/\/www.solventa6.com\/fr\/wp-json\/wp\/v2\/pages\/4052","targetHints":{"allow":["GET"]}}],"collection":[{"href":"https:\/\/www.solventa6.com\/fr\/wp-json\/wp\/v2\/pages"}],"about":[{"href":"https:\/\/www.solventa6.com\/fr\/wp-json\/wp\/v2\/types\/page"}],"author":[{"embeddable":true,"href":"https:\/\/www.solventa6.com\/fr\/wp-json\/wp\/v2\/users\/3"}],"replies":[{"embeddable":true,"href":"https:\/\/www.solventa6.com\/fr\/wp-json\/wp\/v2\/comments?post=4052"}],"version-history":[{"count":4,"href":"https:\/\/www.solventa6.com\/fr\/wp-json\/wp\/v2\/pages\/4052\/revisions"}],"predecessor-version":[{"id":4102,"href":"https:\/\/www.solventa6.com\/fr\/wp-json\/wp\/v2\/pages\/4052\/revisions\/4102"}],"wp:attachment":[{"href":"https:\/\/www.solventa6.com\/fr\/wp-json\/wp\/v2\/media?parent=4052"}],"curies":[{"name":"wp","href":"https:\/\/api.w.org\/{rel}","templated":true}]}}