{"id":4061,"date":"2024-06-21T08:51:34","date_gmt":"2024-06-21T06:51:34","guid":{"rendered":"https:\/\/www.solventa6.com\/politica-de-cookies\/"},"modified":"2025-03-13T09:40:05","modified_gmt":"2025-03-13T08:40:05","slug":"politica-de-cookies","status":"publish","type":"page","link":"https:\/\/www.solventa6.com\/fr\/politica-de-cookies\/","title":{"rendered":"Politique de cookies"},"content":{"rendered":"[vc_row type=\u00a0\u00bbin_container\u00a0\u00bb full_screen_row_position=\u00a0\u00bbmiddle\u00a0\u00bb column_margin=\u00a0\u00bbdefault\u00a0\u00bb column_direction=\u00a0\u00bbdefault\u00a0\u00bb column_direction_tablet=\u00a0\u00bbdefault\u00a0\u00bb column_direction_phone=\u00a0\u00bbdefault\u00a0\u00bb scene_position=\u00a0\u00bbcenter\u00a0\u00bb text_color=\u00a0\u00bbdark\u00a0\u00bb text_align=\u00a0\u00bbleft\u00a0\u00bb row_border_radius=\u00a0\u00bbnone\u00a0\u00bb row_border_radius_applies=\u00a0\u00bbbg\u00a0\u00bb overflow=\u00a0\u00bbvisible\u00a0\u00bb overlay_strength=\u00a0\u00bb0.3&Prime; gradient_direction=\u00a0\u00bbleft_to_right\u00a0\u00bb shape_divider_position=\u00a0\u00bbbottom\u00a0\u00bb bg_image_animation=\u00a0\u00bbnone\u00a0\u00bb][vc_column column_padding=\u00a0\u00bbno-extra-padding\u00a0\u00bb column_padding_tablet=\u00a0\u00bbinherit\u00a0\u00bb column_padding_phone=\u00a0\u00bbinherit\u00a0\u00bb column_padding_position=\u00a0\u00bball\u00a0\u00bb column_element_direction_desktop=\u00a0\u00bbdefault\u00a0\u00bb column_element_spacing=\u00a0\u00bbdefault\u00a0\u00bb desktop_text_alignment=\u00a0\u00bbdefault\u00a0\u00bb tablet_text_alignment=\u00a0\u00bbdefault\u00a0\u00bb phone_text_alignment=\u00a0\u00bbdefault\u00a0\u00bb background_color_opacity=\u00a0\u00bb1&Prime; background_hover_color_opacity=\u00a0\u00bb1&Prime; column_backdrop_filter=\u00a0\u00bbnone\u00a0\u00bb column_shadow=\u00a0\u00bbnone\u00a0\u00bb column_border_radius=\u00a0\u00bbnone\u00a0\u00bb column_link_target=\u00a0\u00bb_self\u00a0\u00bb column_position=\u00a0\u00bbdefault\u00a0\u00bb gradient_direction=\u00a0\u00bbleft_to_right\u00a0\u00bb overlay_strength=\u00a0\u00bb0.3&Prime; width=\u00a0\u00bb1\/1&Prime; tablet_width_inherit=\u00a0\u00bbdefault\u00a0\u00bb animation_type=\u00a0\u00bbdefault\u00a0\u00bb bg_image_animation=\u00a0\u00bbnone\u00a0\u00bb border_type=\u00a0\u00bbsimple\u00a0\u00bb column_border_width=\u00a0\u00bbnone\u00a0\u00bb column_border_style=\u00a0\u00bbsolid\u00a0\u00bb][vc_column_text css=\u00a0\u00bb\u00a0\u00bb text_direction=\u00a0\u00bbdefault\u00a0\u00bb]\n<h1>Politique de cookies<\/h1>\n<h4><strong>Informations g\u00e9n\u00e9rales<\/strong><\/h4>\n<p><strong>Qu\u2019est-ce qu\u2019un cookie ?<\/strong><br \/>\nLes cookies et technologies similaires (objets locaux partag\u00e9s, flash cookies, pixels) sont des outils utilis\u00e9s par les serveurs web pour stocker et r\u00e9cup\u00e9rer des informations sur les visiteurs et assurer le bon fonctionnement du site.<\/p>\n<p>Gr\u00e2ce aux cookies, le serveur web peut m\u00e9moriser certaines donn\u00e9es, comme les pr\u00e9f\u00e9rences linguistiques, les identifiants de connexion ou les produits les plus consult\u00e9s.<\/p>\n<p><strong>Cookies soumis \u00e0 la r\u00e9glementation et cookies exempt\u00e9s<\/strong><br \/>\nConform\u00e9ment aux r\u00e9glementations en vigueur, les cookies analytiques, publicitaires et d\u2019affiliation n\u00e9cessitent le consentement de l\u2019utilisateur. En revanche, les cookies techniques et ceux n\u00e9cessaires au fonctionnement du site sont exempt\u00e9s.<\/p>\n<p><strong>Types de cookies selon leur fonctionnalit\u00e9 :<\/strong><\/p>\n<ul>\n<li><strong>Cookies n\u00e9cessaires :<\/strong>\u00a0Essentiels au bon fonctionnement du site.<\/li>\n<li><strong>Cookies analytiques :<\/strong>\u00a0Permettent de mesurer et d\u2019analyser l\u2019utilisation du site.<\/li>\n<li><strong>Cookies publicitaires :<\/strong>\u00a0Adaptent les annonces aux pr\u00e9f\u00e9rences des utilisateurs.<\/li>\n<\/ul>\n<h4><strong>Comment g\u00e9rer les cookies ?<\/strong><\/h4>\n<p>L\u2019utilisateur peut accepter, refuser ou modifier ses pr\u00e9f\u00e9rences via le panneau de configuration accessible en bas \u00e0 droite de l\u2019\u00e9cran (\u00ab Politique de Cookies \u00bb).<\/p>\n<p>Les navigateurs permettent de visualiser, d\u00e9sactiver, restreindre, bloquer ou supprimer les cookies. Voici comment configurer les cookies sur les principaux navigateurs :<\/p>\n<ul>\n<li><strong>Internet Explorer :<\/strong>\u00a0Outils \u2192 Options Internet \u2192 Confidentialit\u00e9 \u2192 Param\u00e8tres.<\/li>\n<li><strong>Firefox :<\/strong>\u00a0Outils \u2192 Options \u2192 Vie priv\u00e9e \u2192 Historique \u2192 Param\u00e8tres personnalis\u00e9s.<\/li>\n<li><strong>Chrome :<\/strong>\u00a0Param\u00e8tres \u2192 Param\u00e8tres avanc\u00e9s \u2192 Confidentialit\u00e9 \u2192 Param\u00e8tres du contenu.<\/li>\n<li><strong>Safari :<\/strong>\u00a0Pr\u00e9f\u00e9rences \u2192 S\u00e9curit\u00e9.<\/li>\n<\/ul>\n<h4><strong>Mises \u00e0 jour de la Politique de Cookies<\/strong><\/h4>\n<p>SOLVENTA 6 SL se r\u00e9serve le droit de modifier la\u00a0<strong>Politique de Cookies<\/strong>\u00a0en fonction des exigences l\u00e9gales et r\u00e9glementaires. Les mises \u00e0 jour seront publi\u00e9es de la m\u00eame mani\u00e8re que cette politique.<\/p>\n<p><strong>Derni\u00e8re mise \u00e0 jour : mars 2025<\/strong>[\/vc_column_text][\/vc_column][\/vc_row]\n","protected":false},"excerpt":{"rendered":"<p>[vc_row type=\u00a0\u00bbin_container\u00a0\u00bb full_screen_row_position=\u00a0\u00bbmiddle\u00a0\u00bb column_margin=\u00a0\u00bbdefault\u00a0\u00bb column_direction=\u00a0\u00bbdefault\u00a0\u00bb column_direction_tablet=\u00a0\u00bbdefault\u00a0\u00bb column_direction_phone=\u00a0\u00bbdefault\u00a0\u00bb scene_position=\u00a0\u00bbcenter\u00a0\u00bb text_color=\u00a0\u00bbdark\u00a0\u00bb text_align=\u00a0\u00bbleft\u00a0\u00bb row_border_radius=\u00a0\u00bbnone\u00a0\u00bb row_border_radius_applies=\u00a0\u00bbbg\u00a0\u00bb overflow=\u00a0\u00bbvisible\u00a0\u00bb overlay_strength=\u00a0\u00bb0.3&Prime; gradient_direction=\u00a0\u00bbleft_to_right\u00a0\u00bb shape_divider_position=\u00a0\u00bbbottom\u00a0\u00bb bg_image_animation=\u00a0\u00bbnone\u00a0\u00bb][vc_column column_padding=\u00a0\u00bbno-extra-padding\u00a0\u00bb column_padding_tablet=\u00a0\u00bbinherit\u00a0\u00bb column_padding_phone=\u00a0\u00bbinherit\u00a0\u00bb column_padding_position=\u00a0\u00bball\u00a0\u00bb column_element_direction_desktop=\u00a0\u00bbdefault\u00a0\u00bb column_element_spacing=\u00a0\u00bbdefault\u00a0\u00bb desktop_text_alignment=\u00a0\u00bbdefault\u00a0\u00bb tablet_text_alignment=\u00a0\u00bbdefault\u00a0\u00bb phone_text_alignment=\u00a0\u00bbdefault\u00a0\u00bb background_color_opacity=\u00a0\u00bb1&Prime; background_hover_color_opacity=\u00a0\u00bb1&Prime; column_backdrop_filter=\u00a0\u00bbnone\u00a0\u00bb column_shadow=\u00a0\u00bbnone\u00a0\u00bb&#8230;<\/p>\n","protected":false},"author":3,"featured_media":0,"parent":0,"menu_order":0,"comment_status":"closed","ping_status":"closed","template":"","meta":{"_joinchat":[],"footnotes":""},"class_list":["post-4061","page","type-page","status-publish"],"_links":{"self":[{"href":"https:\/\/www.solventa6.com\/fr\/wp-json\/wp\/v2\/pages\/4061","targetHints":{"allow":["GET"]}}],"collection":[{"href":"https:\/\/www.solventa6.com\/fr\/wp-json\/wp\/v2\/pages"}],"about":[{"href":"https:\/\/www.solventa6.com\/fr\/wp-json\/wp\/v2\/types\/page"}],"author":[{"embeddable":true,"href":"https:\/\/www.solventa6.com\/fr\/wp-json\/wp\/v2\/users\/3"}],"replies":[{"embeddable":true,"href":"https:\/\/www.solventa6.com\/fr\/wp-json\/wp\/v2\/comments?post=4061"}],"version-history":[{"count":3,"href":"https:\/\/www.solventa6.com\/fr\/wp-json\/wp\/v2\/pages\/4061\/revisions"}],"predecessor-version":[{"id":4106,"href":"https:\/\/www.solventa6.com\/fr\/wp-json\/wp\/v2\/pages\/4061\/revisions\/4106"}],"wp:attachment":[{"href":"https:\/\/www.solventa6.com\/fr\/wp-json\/wp\/v2\/media?parent=4061"}],"curies":[{"name":"wp","href":"https:\/\/api.w.org\/{rel}","templated":true}]}}